{"id":21,"date":"2016-12-03T12:53:40","date_gmt":"2016-12-03T12:53:40","guid":{"rendered":"http:\/\/serwer1404228.home.pl\/autoinstalator\/wordpress18\/?page_id=21"},"modified":"2022-08-08T17:29:11","modified_gmt":"2022-08-08T17:29:11","slug":"zakres-uslug","status":"publish","type":"page","link":"https:\/\/www.lecznica-piotrowski.pl\/?page_id=21","title":{"rendered":"ZAKRES US\u0141UG"},"content":{"rendered":"<table class=\"contentpaneopen\">\n<tbody>\n<tr>\n<td valign=\"top\">\n<h1><strong>ZAKRES US\u0141UG:<\/strong><\/h1>\n<p>Specjalizujemy si\u0119 i \u015bwiadczymy us\u0142ugi g\u0142\u00f3wnie z zakresu<\/p>\n<ul>\n<li>medycyna weterynaryjna byd\u0142a<\/li>\n<li>medycyna weterynaryjna ma\u0142ych zwierz\u0105t<\/li>\n<\/ul>\n<div align=\"justify\">\n<h1><strong>Leczenie i profilaktyka chor\u00f3b byd\u0142a<\/strong><\/h1>\n<\/div>\n<ul>\n<li><strong>USG &#8211; Badanie ultrasonograficzne<\/strong>\n<ul>\n<li>badanie wczesnej ci\u0105\u017cy (29-30 dzie\u0144)<\/li>\n<li>ocena struktur jajnikowych<\/li>\n<li>diagnostyka i terapia zaburze\u0144 w rozrodzie<\/li>\n<\/ul>\n<\/li>\n<\/ul>\n<blockquote>\n<div align=\"justify\"><\/div>\n<\/blockquote>\n<div align=\"justify\">\n<ul>\n<li><strong>Biochemiczne badanie krwi (laboratoryjna diagnostyka chor\u00f3b)<\/strong><\/li>\n<\/ul>\n<\/div>\n<blockquote>\n<div align=\"justify\"><\/div>\n<\/blockquote>\n<ul>\n<li><strong>Laparoskopia<\/strong>\n<ul>\n<li>laparoskopia diagnostyczna<\/li>\n<li>operacja przemieszczenia trawie\u0144ca metod\u0105 laparoskopow\u0105<\/li>\n<\/ul>\n<\/li>\n<\/ul>\n<div align=\"justify\"><\/div>\n<div align=\"justify\"><\/div>\n<div align=\"justify\">\n<ul>\n<li><strong>Zabiegi u byd\u0142a przy u\u017cyciu hydraulicznego przechy\u0142owego sto\u0142u operacyjnego<\/strong><\/li>\n<\/ul>\n<\/div>\n<div align=\"justify\"><\/div>\n<blockquote>\n<div align=\"justify\"><\/div>\n<\/blockquote>\n<div align=\"justify\"><\/div>\n<div align=\"justify\">\n<ul>\n<li><strong>Badanie laboratoryjne mleka<\/strong><em><br \/>\n<\/em><\/p>\n<ul>\n<li>okre\u015blenie wra\u017cliwo\u015bci drobnoustroj\u00f3w (antybiotykogram)<\/li>\n<li><em>\u00a0<\/em>oznaczenie warto\u015bci substancji hamuj\u0105cych w mleku<\/li>\n<li><em>\u00a0<\/em>okre\u015blenie ilo\u015bci kom\u00f3rek somatycznych w mleku<\/li>\n<\/ul>\n<\/li>\n<\/ul>\n<\/div>\n<blockquote>\n<div align=\"justify\"><\/div>\n<\/blockquote>\n<div align=\"justify\">\n<ul>\n<li><strong>Badanie parazytologiczne ka\u0142u<\/strong><\/li>\n<\/ul>\n<\/div>\n<div align=\"justify\">\n<ul>\n<li><strong>Korekcja racic u byd\u0142a z laseroterapi\u0105<\/strong><\/li>\n<\/ul>\n<\/div>\n<blockquote>\n<div align=\"justify\"><\/div>\n<\/blockquote>\n<div align=\"justify\"><strong>\u00a0<\/strong><\/div>\n<div>\n<ul>\n<li><strong>Inseminacja byd\u0142a pod kontrol\u0105 USG<\/strong><\/li>\n<\/ul>\n<h1><strong>Choroby wewn\u0119trzne i chirurgia ma\u0142ych zwierz\u0105t<\/strong><\/h1>\n<p>\u015awiadczymy r\u00f3wnie\u017c us\u0142ugi z zakresu medycyny weterynaryjnej zwierz\u0105t towarzysz\u0105cych po wcze\u015bniejszym um\u00f3wieniu si\u0119 na wizyt\u0119.<\/p>\n<ul>\n<li><strong>Choroby wewn\u0119trzne\u00a0<\/strong>\n<ul>\n<li>Pacjent w trakcie badania &#8211; na monitorze EKG widoczna pojedyncza ekstrasystolia prawokomorowa<\/li>\n<\/ul>\n<\/li>\n<li><strong>Chirurgia ma\u0142ych zwierz\u0105t<\/strong><\/li>\n<\/ul>\n<blockquote>\n<blockquote><\/blockquote>\n<\/blockquote>\n<\/div>\n<\/td>\n<\/tr>\n<\/tbody>\n<\/table>\n<p><span class=\"article_separator\">\u00a0<\/span><\/p>\n","protected":false},"excerpt":{"rendered":"<p>ZAKRES US\u0141UG: Specjalizujemy si\u0119 i \u015bwiadczymy us\u0142ugi g\u0142\u00f3wnie z zakresu medycyna weterynaryjna byd\u0142a medycyna weterynaryjna ma\u0142ych zwierz\u0105t Leczenie i profilaktyka chor\u00f3b byd\u0142a USG &#8211; Badanie ultrasonograficzne badanie wczesnej ci\u0105\u017cy (29-30 dzie\u0144) ocena struktur jajnikowych diagnostyka i terapia zaburze\u0144 w rozrodzie Biochemiczne badanie krwi (laboratoryjna diagnostyka chor\u00f3b) Laparoskopia laparoskopia diagnostyczna operacja przemieszczenia trawie\u0144ca metod\u0105 laparoskopow\u0105 Zabiegi u byd\u0142a przy u\u017cyciu hydraulicznego<\/p>\n<p><a class=\"more-link\" href=\"https:\/\/www.lecznica-piotrowski.pl\/?page_id=21\">Read More<\/a><\/p>\n","protected":false},"author":1,"featured_media":0,"parent":0,"menu_order":0,"comment_status":"closed","ping_status":"closed","template":"","meta":[],"_links":{"self":[{"href":"https:\/\/www.lecznica-piotrowski.pl\/index.php?rest_route=\/wp\/v2\/pages\/21"}],"collection":[{"href":"https:\/\/www.lecznica-piotrowski.pl\/index.php?rest_route=\/wp\/v2\/pages"}],"about":[{"href":"https:\/\/www.lecznica-piotrowski.pl\/index.php?rest_route=\/wp\/v2\/types\/page"}],"author":[{"embeddable":true,"href":"https:\/\/www.lecznica-piotrowski.pl\/index.php?rest_route=\/wp\/v2\/users\/1"}],"replies":[{"embeddable":true,"href":"https:\/\/www.lecznica-piotrowski.pl\/index.php?rest_route=%2Fwp%2Fv2%2Fcomments&post=21"}],"version-history":[{"count":3,"href":"https:\/\/www.lecznica-piotrowski.pl\/index.php?rest_route=\/wp\/v2\/pages\/21\/revisions"}],"predecessor-version":[{"id":90,"href":"https:\/\/www.lecznica-piotrowski.pl\/index.php?rest_route=\/wp\/v2\/pages\/21\/revisions\/90"}],"wp:attachment":[{"href":"https:\/\/www.lecznica-piotrowski.pl\/index.php?rest_route=%2Fwp%2Fv2%2Fmedia&parent=21"}],"curies":[{"name":"wp","href":"https:\/\/api.w.org\/{rel}","templated":true}]}}