{"id":19,"date":"2016-12-03T12:52:41","date_gmt":"2016-12-03T12:52:41","guid":{"rendered":"http:\/\/serwer1404228.home.pl\/autoinstalator\/wordpress18\/?page_id=19"},"modified":"2022-08-08T17:27:39","modified_gmt":"2022-08-08T17:27:39","slug":"o-nas","status":"publish","type":"page","link":"https:\/\/www.lecznica-piotrowski.pl\/?page_id=19","title":{"rendered":"O NAS"},"content":{"rendered":"<div align=\"center\">\n<h4 style=\"text-align: center;\">\u015awiadczymy us\u0142ugi w zakresie medycyny weterynaryjnej w Lecznicy Zwierz\u0105t w Ko\u0142akach Ko\u015bcielnych. Specjalizujemy si\u0119 w profilaktyce i leczeniu byd\u0142a mlecznego .<\/h4>\n<\/div>\n<div style=\"text-align: center;\"><\/div>\n<div style=\"text-align: center;\">\n<address>\u00a0<\/address>\n<\/div>\n<div style=\"text-align: center;\"><\/div>\n<div style=\"text-align: center;\"><\/div>\n<div style=\"text-align: center;\" align=\"center\">\n<h4>Od od 2014 roku\u00a0 powi\u0119kszyli\u015bmy obszar dzia\u0142ania o Gabinet Weterynaryjny w Gaci .<\/h4>\n<\/div>\n<div style=\"text-align: center;\"><\/div>\n<div style=\"text-align: center;\"><\/div>\n<div><\/div>\n<div><\/div>\n","protected":false},"excerpt":{"rendered":"<p>\u015awiadczymy us\u0142ugi w zakresie medycyny weterynaryjnej w Lecznicy Zwierz\u0105t w Ko\u0142akach Ko\u015bcielnych. Specjalizujemy si\u0119 w profilaktyce i leczeniu byd\u0142a mlecznego . \u00a0 Od od 2014 roku\u00a0 powi\u0119kszyli\u015bmy obszar dzia\u0142ania o Gabinet Weterynaryjny w Gaci .<\/p>\n","protected":false},"author":1,"featured_media":0,"parent":0,"menu_order":0,"comment_status":"closed","ping_status":"closed","template":"","meta":[],"_links":{"self":[{"href":"https:\/\/www.lecznica-piotrowski.pl\/index.php?rest_route=\/wp\/v2\/pages\/19"}],"collection":[{"href":"https:\/\/www.lecznica-piotrowski.pl\/index.php?rest_route=\/wp\/v2\/pages"}],"about":[{"href":"https:\/\/www.lecznica-piotrowski.pl\/index.php?rest_route=\/wp\/v2\/types\/page"}],"author":[{"embeddable":true,"href":"https:\/\/www.lecznica-piotrowski.pl\/index.php?rest_route=\/wp\/v2\/users\/1"}],"replies":[{"embeddable":true,"href":"https:\/\/www.lecznica-piotrowski.pl\/index.php?rest_route=%2Fwp%2Fv2%2Fcomments&post=19"}],"version-history":[{"count":4,"href":"https:\/\/www.lecznica-piotrowski.pl\/index.php?rest_route=\/wp\/v2\/pages\/19\/revisions"}],"predecessor-version":[{"id":88,"href":"https:\/\/www.lecznica-piotrowski.pl\/index.php?rest_route=\/wp\/v2\/pages\/19\/revisions\/88"}],"wp:attachment":[{"href":"https:\/\/www.lecznica-piotrowski.pl\/index.php?rest_route=%2Fwp%2Fv2%2Fmedia&parent=19"}],"curies":[{"name":"wp","href":"https:\/\/api.w.org\/{rel}","templated":true}]}}